{"id":386,"date":"2019-02-13T13:36:02","date_gmt":"2019-02-13T10:36:02","guid":{"rendered":"http:\/\/wordpress-otel-temasi.tema.digital\/otel-1\/?page_id=386"},"modified":"2023-07-08T11:26:11","modified_gmt":"2023-07-08T11:26:11","slug":"galeri","status":"publish","type":"page","link":"https:\/\/bayindircicekci.com.tr\/en\/galeri\/","title":{"rendered":"Galeri"},"content":{"rendered":"","protected":false},"excerpt":{"rendered":"","protected":false},"author":1,"featured_media":0,"parent":0,"menu_order":0,"comment_status":"closed","ping_status":"closed","template":"template-photo-gallery.php","meta":{"footnotes":""},"class_list":["post-386","page","type-page","status-publish","hentry"],"yoast_head":"<!-- This site is optimized with the Yoast SEO plugin v20.11 - https:\/\/yoast.com\/wordpress\/plugins\/seo\/ -->\n<title>Galeri - Spacious<\/title>\n<meta name=\"robots\" content=\"index, follow, max-snippet:-1, max-image-preview:large, max-video-preview:-1\" \/>\n<link rel=\"canonical\" href=\"https:\/\/bayindircicekci.com.tr\/galeri\/\" \/>\n<meta property=\"og:locale\" content=\"en_US\" \/>\n<meta property=\"og:type\" content=\"article\" \/>\n<meta property=\"og:title\" content=\"Galeri - Spacious\" \/>\n<meta property=\"og:url\" content=\"https:\/\/bayindircicekci.com.tr\/galeri\/\" \/>\n<meta property=\"og:site_name\" content=\"Spacious\" \/>\n<meta property=\"article:modified_time\" content=\"2023-07-08T11:26:11+00:00\" \/>\n<meta name=\"twitter:card\" content=\"summary_large_image\" \/>\n<script type=\"application\/ld+json\" class=\"yoast-schema-graph\">{\"@context\":\"https:\/\/schema.org\",\"@graph\":[{\"@type\":\"WebPage\",\"@id\":\"https:\/\/bayindircicekci.com.tr\/galeri\/\",\"url\":\"https:\/\/bayindircicekci.com.tr\/galeri\/\",\"name\":\"Galeri - Spacious\",\"isPartOf\":{\"@id\":\"https:\/\/bayindircicekci.com.tr\/#website\"},\"datePublished\":\"2019-02-13T10:36:02+00:00\",\"dateModified\":\"2023-07-08T11:26:11+00:00\",\"breadcrumb\":{\"@id\":\"https:\/\/bayindircicekci.com.tr\/galeri\/#breadcrumb\"},\"inLanguage\":\"en-US\",\"potentialAction\":[{\"@type\":\"ReadAction\",\"target\":[\"https:\/\/bayindircicekci.com.tr\/galeri\/\"]}]},{\"@type\":\"BreadcrumbList\",\"@id\":\"https:\/\/bayindircicekci.com.tr\/galeri\/#breadcrumb\",\"itemListElement\":[{\"@type\":\"ListItem\",\"position\":1,\"name\":\"Anasayfa\",\"item\":\"https:\/\/bayindircicekci.com.tr\/\"},{\"@type\":\"ListItem\",\"position\":2,\"name\":\"Galeri\"}]},{\"@type\":\"WebSite\",\"@id\":\"https:\/\/bayindircicekci.com.tr\/#website\",\"url\":\"https:\/\/bayindircicekci.com.tr\/\",\"name\":\"Spacious\",\"description\":\"Buket - Gelin Arabas\u0131 - Sepet Aranjman - Saks\u0131 \u00e7i\u00e7e\u011fi - D\u00fc\u011f\u00fcn organizasyon - Gelin Buketi vb.\",\"publisher\":{\"@id\":\"https:\/\/bayindircicekci.com.tr\/#organization\"},\"potentialAction\":[{\"@type\":\"SearchAction\",\"target\":{\"@type\":\"EntryPoint\",\"urlTemplate\":\"https:\/\/bayindircicekci.com.tr\/?s={search_term_string}\"},\"query-input\":\"required name=search_term_string\"}],\"inLanguage\":\"en-US\"},{\"@type\":\"Organization\",\"@id\":\"https:\/\/bayindircicekci.com.tr\/#organization\",\"name\":\"Spacious\",\"url\":\"https:\/\/bayindircicekci.com.tr\/\",\"logo\":{\"@type\":\"ImageObject\",\"inLanguage\":\"en-US\",\"@id\":\"https:\/\/bayindircicekci.com.tr\/#\/schema\/logo\/image\/\",\"url\":\"https:\/\/bayindircicekci.com.tr\/wp-content\/uploads\/2021\/05\/sp-logo.png\",\"contentUrl\":\"https:\/\/bayindircicekci.com.tr\/wp-content\/uploads\/2021\/05\/sp-logo.png\",\"width\":80,\"height\":80,\"caption\":\"Spacious\"},\"image\":{\"@id\":\"https:\/\/bayindircicekci.com.tr\/#\/schema\/logo\/image\/\"}}]}<\/script>\n<!-- \/ Yoast SEO plugin. -->","yoast_head_json":{"title":"Galeri - Spacious","robots":{"index":"index","follow":"follow","max-snippet":"max-snippet:-1","max-image-preview":"max-image-preview:large","max-video-preview":"max-video-preview:-1"},"canonical":"https:\/\/bayindircicekci.com.tr\/galeri\/","og_locale":"en_US","og_type":"article","og_title":"Galeri - Spacious","og_url":"https:\/\/bayindircicekci.com.tr\/galeri\/","og_site_name":"Spacious","article_modified_time":"2023-07-08T11:26:11+00:00","twitter_card":"summary_large_image","schema":{"@context":"https:\/\/schema.org","@graph":[{"@type":"WebPage","@id":"https:\/\/bayindircicekci.com.tr\/galeri\/","url":"https:\/\/bayindircicekci.com.tr\/galeri\/","name":"Galeri - Spacious","isPartOf":{"@id":"https:\/\/bayindircicekci.com.tr\/#website"},"datePublished":"2019-02-13T10:36:02+00:00","dateModified":"2023-07-08T11:26:11+00:00","breadcrumb":{"@id":"https:\/\/bayindircicekci.com.tr\/galeri\/#breadcrumb"},"inLanguage":"en-US","potentialAction":[{"@type":"ReadAction","target":["https:\/\/bayindircicekci.com.tr\/galeri\/"]}]},{"@type":"BreadcrumbList","@id":"https:\/\/bayindircicekci.com.tr\/galeri\/#breadcrumb","itemListElement":[{"@type":"ListItem","position":1,"name":"Anasayfa","item":"https:\/\/bayindircicekci.com.tr\/"},{"@type":"ListItem","position":2,"name":"Galeri"}]},{"@type":"WebSite","@id":"https:\/\/bayindircicekci.com.tr\/#website","url":"https:\/\/bayindircicekci.com.tr\/","name":"Spacious","description":"Buket - Gelin Arabas\u0131 - Sepet Aranjman - Saks\u0131 \u00e7i\u00e7e\u011fi - D\u00fc\u011f\u00fcn organizasyon - Gelin Buketi vb.","publisher":{"@id":"https:\/\/bayindircicekci.com.tr\/#organization"},"potentialAction":[{"@type":"SearchAction","target":{"@type":"EntryPoint","urlTemplate":"https:\/\/bayindircicekci.com.tr\/?s={search_term_string}"},"query-input":"required name=search_term_string"}],"inLanguage":"en-US"},{"@type":"Organization","@id":"https:\/\/bayindircicekci.com.tr\/#organization","name":"Spacious","url":"https:\/\/bayindircicekci.com.tr\/","logo":{"@type":"ImageObject","inLanguage":"en-US","@id":"https:\/\/bayindircicekci.com.tr\/#\/schema\/logo\/image\/","url":"https:\/\/bayindircicekci.com.tr\/wp-content\/uploads\/2021\/05\/sp-logo.png","contentUrl":"https:\/\/bayindircicekci.com.tr\/wp-content\/uploads\/2021\/05\/sp-logo.png","width":80,"height":80,"caption":"Spacious"},"image":{"@id":"https:\/\/bayindircicekci.com.tr\/#\/schema\/logo\/image\/"}}]}},"_links":{"self":[{"href":"https:\/\/bayindircicekci.com.tr\/en\/wp-json\/wp\/v2\/pages\/386","targetHints":{"allow":["GET"]}}],"collection":[{"href":"https:\/\/bayindircicekci.com.tr\/en\/wp-json\/wp\/v2\/pages"}],"about":[{"href":"https:\/\/bayindircicekci.com.tr\/en\/wp-json\/wp\/v2\/types\/page"}],"author":[{"embeddable":true,"href":"https:\/\/bayindircicekci.com.tr\/en\/wp-json\/wp\/v2\/users\/1"}],"replies":[{"embeddable":true,"href":"https:\/\/bayindircicekci.com.tr\/en\/wp-json\/wp\/v2\/comments?post=386"}],"version-history":[{"count":1,"href":"https:\/\/bayindircicekci.com.tr\/en\/wp-json\/wp\/v2\/pages\/386\/revisions"}],"predecessor-version":[{"id":848,"href":"https:\/\/bayindircicekci.com.tr\/en\/wp-json\/wp\/v2\/pages\/386\/revisions\/848"}],"wp:attachment":[{"href":"https:\/\/bayindircicekci.com.tr\/en\/wp-json\/wp\/v2\/media?parent=386"}],"curies":[{"name":"wp","href":"https:\/\/api.w.org\/{rel}","templated":true}]}}