{"id":6,"date":"2019-01-15T16:22:39","date_gmt":"2019-01-15T13:22:39","guid":{"rendered":"http:\/\/otel.localdigital\/?page_id=6"},"modified":"2024-03-02T11:48:04","modified_gmt":"2024-03-02T11:48:04","slug":"anasayfa","status":"publish","type":"page","link":"https:\/\/bayindircicekci.com.tr\/en\/","title":{"rendered":"Anasayfa"},"content":{"rendered":"<div id=\"pl-6\"  class=\"panel-layout\" ><div id=\"pg-6-0\"  class=\"panel-grid panel-has-style\" ><div class=\"row panel-row-style panel-row-style-for-6-0\" ><div id=\"pgc-6-0-0\"  class=\"panel-grid-cell\" >\t\t<section>\n\t\t\t<div class=\"tourz-search\" style=\"background:none;\">\n\t\t\t\t<div class=\"row mrl0\">\n\t\t\t\t\t<div class=\"wrapper\">\n\t\t\t\t\t\t<div class=\"full-width homs\">\n\t\t\t\t\t\t\t<div class=\"inner\">\n                                                                                                         <div class=\"slide\">\n                                        \t\t\t\t\t\t\t\t\t\t\t                                                                                \n\t\t\t\t\t\t\t\t\t\t\t<img decoding=\"async\" src=\"\" class=\"img-responsive\" alt=\"woocommerce-placeholder\">\n                                                                                  <label> \n                                            <h2>woocommerce-placeholder<\/h2>\n                                                                                                                                  <\/label>  \n                                                                                      \n\t\t\t\t                      <\/div>\n                                                                         <div class=\"slide\">\n                                        \t\t\t\t\t\t\t\t\t\t\t                                                                                \n\t\t\t\t\t\t\t\t\t\t\t<img decoding=\"async\" src=\"https:\/\/bayindircicekci.com.tr\/wp-content\/uploads\/2019\/02\/70b5b37f-82b2-4e6d-87bd-011c8647a0e9.jpg\" class=\"img-responsive\" alt=\"\">\n                                                                                      \n\t\t\t\t                      <\/div>\n                                                                   \t\t\t                <\/div>\n\t\t\t<div class=\"controls\">\n\t\t\t\t<a href=\"#\" class=\"left\">&larr;<\/a>\n\t\t\t\t<a href=\"#\" class=\"right\">&rarr;<\/a>\n\t\t\t<\/div>\n\t\t\t<div class=\"slide-nav\"><\/div>\n\t\t<\/div>\n            <\/div> \n        <\/div>\n    <\/div>\n<\/section>\n     <\/div><\/div><\/div><div id=\"pg-6-1\"  class=\"panel-grid panel-has-style\" ><div class=\" container panel-row-style panel-row-style-for-6-1\" ><div id=\"pgc-6-1-0\"  class=\"panel-grid-cell\" >\t\t  <div class=\"col-xs-12 col-sm-12 col-lg-12 plr0m\">\n\t\t\t<div class=\"box temaBigbox\">\n\t\t\t\t<div class=\"icon\">\n\t\t\t\t\t<div class=\"image\"><i class=\"fa fa-thumbs-o-up\"><\/i><\/div>\n\t\t\t\t\t\t<div class=\"info\">\n\t\t\t\t\t\t\t<h3 class=\"title\">Kaliteli Hizmet<\/h3>\n\t\t\t\t\t\t\t<p>Yinelenen bir sayfa i\u00e7eri\u011finin okuyucunun dikkatini da\u011f\u0131tt\u0131\u011f\u0131 bilinen bir ger\u00e7ektir. Lorem Ipsum kullanman\u0131n amac\u0131, s\u00fcrekli 'buraya metin gelecek, buraya metin gelecek' yazmaya k\u0131yasla daha dengeli bir harf da\u011f\u0131l\u0131m\u0131 sa\u011flayarak okunurlu\u011fu art\u0131rmas\u0131d\u0131r. <\/p>\n\t\t\t\t\t\t<\/div>\n\t\t\t\t<\/div>\n\t\t\t<\/div>\n\t\t  <\/div>\n\t<\/div><div id=\"pgc-6-1-1\"  class=\"panel-grid-cell\" >\t\t  <div class=\"col-xs-12 col-sm-12 col-lg-12 plr0m\">\n\t\t\t<div class=\"box temaBigbox\">\n\t\t\t\t<div class=\"icon\">\n\t\t\t\t\t<div class=\"image\"><i class=\"fa fa-users\"><\/i><\/div>\n\t\t\t\t\t\t<div class=\"info\">\n\t\t\t\t\t\t\t<h3 class=\"title\">G\u00fclery\u00fczl\u00fc Personel<\/h3>\n\t\t\t\t\t\t\t<p>Yinelenen bir sayfa i\u00e7eri\u011finin okuyucunun dikkatini da\u011f\u0131tt\u0131\u011f\u0131 bilinen bir ger\u00e7ektir. Lorem Ipsum kullanman\u0131n amac\u0131, s\u00fcrekli 'buraya metin gelecek, buraya metin gelecek' yazmaya k\u0131yasla daha dengeli bir harf da\u011f\u0131l\u0131m\u0131 sa\u011flayarak okunurlu\u011fu art\u0131rmas\u0131d\u0131r. <\/p>\n\t\t\t\t\t\t<\/div>\n\t\t\t\t<\/div>\n\t\t\t<\/div>\n\t\t  <\/div>\n\t<\/div><div id=\"pgc-6-1-2\"  class=\"panel-grid-cell\" >\t\t  <div class=\"col-xs-12 col-sm-12 col-lg-12 plr0m\">\n\t\t\t<div class=\"box temaBigbox\">\n\t\t\t\t<div class=\"icon\">\n\t\t\t\t\t<div class=\"image\"><i class=\"fa fa-truck\"><\/i><\/div>\n\t\t\t\t\t\t<div class=\"info\">\n\t\t\t\t\t\t\t<h3 class=\"title\">H\u0131zl\u0131 Teslimat<\/h3>\n\t\t\t\t\t\t\t<p>Yinelenen bir sayfa i\u00e7eri\u011finin okuyucunun dikkatini da\u011f\u0131tt\u0131\u011f\u0131 bilinen bir ger\u00e7ektir. Lorem Ipsum kullanman\u0131n amac\u0131, s\u00fcrekli 'buraya metin gelecek, buraya metin gelecek' yazmaya k\u0131yasla daha dengeli bir harf da\u011f\u0131l\u0131m\u0131 sa\u011flayarak okunurlu\u011fu art\u0131rmas\u0131d\u0131r. <\/p>\n\t\t\t\t\t\t<\/div>\n\t\t\t\t<\/div>\n\t\t\t<\/div>\n\t\t  <\/div>\n\t<\/div><\/div><\/div><div id=\"pg-6-2\"  class=\"panel-grid panel-has-style\" ><div class=\" container panel-row-style panel-row-style-for-6-2\" ><div id=\"pgc-6-2-0\"  class=\"panel-grid-cell\" >\t<!--\n\t=============================================\n\t\tClient Slider\n\t==============================================\n\t-->\n\t<div class=\"col-md-12 plr0 listRoom listRoom2\"> \n       <div class=\"col-md-12 plr0 imagearea imageareaWidget\">\n          <img decoding=\"async\" src=\"http:\/\/wordpress-kurumsal-tema.tema.digital\/kurumsaltema\/wp-content\/uploads\/2019\/01\/toplanti_manset_mobil.jpg\" alt=\"\" class=\"img-rounded img-responsive\">\n       <\/div>\n    <\/div>\n\t<\/div><div id=\"pgc-6-2-1\"  class=\"panel-grid-cell\" >\t<!--\n\t=============================================\n\t\tOur Service\n\t==============================================\n\t-->\n\t\t<div class=\"col-md-12\">\n\t\t  <div class=\"spe-title spe-title-widget\">\n\t\t\t  <h2>Hakk\u0131m\u0131zda<\/h2>\n\t\t\t  <p>Nazar \u00c7i\u00e7ek\u00e7ilik Bay\u0131nd\u0131r , 30 y\u0131la yak\u0131n hizmet deneyimi ile sizi profesyonel \u00e7i\u00e7ek\u00e7ilikle tan\u0131\u015ft\u0131r\u0131yor. Nazar \u00c7i\u00e7ek\u00e7ilik & Peyzaj ailesi olarak 1999\u2019dan beri \u00e7i\u00e7ek sekt\u00f6r\u00fcnde kurumsal ve Premium m\u00fc\u015fterilere hizmet vermekteyiz. Hizmet anlay\u0131\u015f\u0131m\u0131z en kaliteli \u00e7i\u00e7eklerin, alan\u0131nda profesyonel uzmanlar taraf\u0131ndan haz\u0131rlanmas\u0131 ve %100 m\u00fc\u015fteri memnuniyeti ilkesiyle taraf\u0131n\u0131za ula\u015ft\u0131r\u0131lmas\u0131d\u0131r .Nazar Flower online \u00e7i\u00e7ek sekt\u00f6r\u00fcnde farkl\u0131 bir noktada durmakta ve kendisini di\u011fer \u00e7i\u00e7ek markalar\u0131ndan ay\u0131rmaktad\u0131r. Bunun nedeni verilen hizmetin ve hizmet sonras\u0131 servisin \u00fcst d\u00fczey kalite i\u00e7ermesidir. Nazar Flower sekt\u00f6rde daima \u00f6nc\u00fc rol oynam\u0131\u015ft\u0131r.  \u00c7i\u00e7ek modas\u0131na daima y\u00f6n veren bir kurulu\u015f olmu\u015ftur. Sitemizde g\u00f6rd\u00fc\u011f\u00fcn\u00fcz b\u00fct\u00fcn \u00fcr\u00fcnler tasar\u0131m ekibimiz ve \u00e7i\u00e7ek uzmanlar\u0131m\u0131z taraf\u0131ndan geli\u015ftirilmi\u015ftir. Tamamen \u00f6zg\u00fcn ve orijinal aranjmanlar, buketler ve g\u00fcller almak istiyorsan\u0131z. Nazar Flower size en iyisini sunacakt\u0131r. Sitemizdeki tasar\u0131mlar\u0131n\u0131z d\u0131\u015f\u0131nda \u00e7i\u00e7ek sipari\u015finiz oldu\u011funda istedi\u011finiz \u00e7i\u00e7e\u011fi haz\u0131rlay\u0131p, resmini \u00e7ekip taraf\u0131n\u0131za yolluyor, onay\u0131n\u0131 ald\u0131ktan sonra, \u00e7i\u00e7e\u011fin tasar\u0131m\u0131n\u0131 tamamlay\u0131p, al\u0131c\u0131s\u0131na en k\u0131sa s\u00fcrede ula\u015ft\u0131r\u0131yoruz<\/p>\n\t\t  <\/div>\n\t\t<\/div>\n\t\t<!--\n\t=============================================\n\t\tOur Service\n\t==============================================\n\t-->\n\t\t  <div class=\"col-md-12 text-center\">\n\t\t<a class=\"incele theme-btn kurumsalThemeButton\" href=\"#\" title=\"Hakk\u0131m\u0131zda\">Hakk\u0131m\u0131zda<\/a> \n\t  <\/div>\n    \t<\/div><\/div><\/div><div id=\"pg-6-3\"  class=\"panel-grid panel-has-style\" ><div class=\" container panel-row-style panel-row-style-for-6-3\" ><div id=\"pgc-6-3-0\"  class=\"panel-grid-cell\" >\t<!--\n\t=============================================\n\t\tOur Service\n\t==============================================\n\t-->\n\t\t<div class=\"col-md-12\">\n\t\t  <div class=\"spe-title spe-title-widget\">\n\t\t\t  <h2>Ba\u015fl\u0131k<\/h2>\n\t\t\t  <p>A\u00e7\u0131klama<\/p>\n\t\t  <\/div>\n\t\t<\/div>\n\t<\/div><\/div><\/div><div id=\"pg-6-4\"  class=\"panel-grid panel-has-style\" ><div class=\" container panel-row-style panel-row-style-for-6-4\" ><div id=\"pgc-6-4-0\"  class=\"panel-grid-cell\" ><input type=\"hidden\" id=\"slick_count\" value=\"2\">\t<!--\n\t=============================================\n\t\tOur Service\n\t==============================================\n\t-->\n\t<section class=\"section-room\">\n\t\t<div class=\"col-md-12\">\n\t\t  \t\t  <div class=\"col-md-12 slick\">\n\t\t  \t\t  \t\t  \t\t\t\t<div class=\"col-md-6 mrgnoda\">\n\t\t\t\t   <div class=\"col-md-12 plr0 listRoom listRoom2 uruntemaarea\"> \n\t\t\t\t\t<div class=\"col-md-12 plr0 left imgs\">\n\t\t\t\t\t   <img decoding=\"async\" src=\"https:\/\/bayindircicekci.com.tr\/wp-content\/uploads\/2023\/07\/f4daa2fd-77bd-422e-a0fe-72fcd36b7ac5-1-e1688729567398.jpg\" alt=\"(Turkish) Organizasyon\" class=\"img-rounded img-responsive\" \/>\n\t\t\t\t\t<\/div>\n\t\t\t\t\t<div class=\"col-md-12 content right\">\n\t\t\t\t\t\t  <h2>(Turkish) Organizasyon<\/h2>\n\t\t\t\t\t\t  <p><\/p>\n\t\t\t\t\t\t  <div class=\"col-md-12 text-center\">\n\t\t\t\t\t\t\t  <a class=\"incele theme-btn\" href=\"https:\/\/bayindircicekci.com.tr\/en\/urunlerimiz\/organizasyon\/\" title=\"\u0130ncele\">\u0130ncele<\/a> \n\t\t\t\t\t\t  <\/div>\n\t\t\t\t\t<\/div>\n\t\t\t\t<\/div>      \n\t\t\t\t<\/div>\n\t\t\t\t\t\t  \t\t\t\t<div class=\"col-md-6 mrgnoda\">\n\t\t\t\t   <div class=\"col-md-12 plr0 listRoom listRoom2 uruntemaarea\"> \n\t\t\t\t\t<div class=\"col-md-12 plr0 right imgs\">\n\t\t\t\t\t   <img decoding=\"async\" src=\"https:\/\/bayindircicekci.com.tr\/wp-content\/uploads\/2023\/07\/gulll-1-e1688729108627.jpg\" alt=\"(Turkish) G\u00fcl Buketleri\" class=\"img-rounded img-responsive\" \/>\n\t\t\t\t\t<\/div>\n\t\t\t\t\t<div class=\"col-md-12 content left\">\n\t\t\t\t\t\t  <h2>(Turkish) G\u00fcl Buketleri<\/h2>\n\t\t\t\t\t\t  <p><\/p>\n\t\t\t\t\t\t  <div class=\"col-md-12 text-center\">\n\t\t\t\t\t\t\t  <a class=\"incele theme-btn\" href=\"https:\/\/bayindircicekci.com.tr\/en\/urunlerimiz\/gul-buketleri\/\" title=\"\u0130ncele\">\u0130ncele<\/a> \n\t\t\t\t\t\t  <\/div>\n\t\t\t\t\t<\/div>\n\t\t\t\t<\/div>      \n\t\t\t\t<\/div>\n\t\t\t\t\t\t  \t\t\t\t<div class=\"col-md-6 mrgnoda\">\n\t\t\t\t   <div class=\"col-md-12 plr0 listRoom listRoom2 uruntemaarea\"> \n\t\t\t\t\t<div class=\"col-md-12 plr0 left imgs\">\n\t\t\t\t\t   <img decoding=\"async\" src=\"https:\/\/bayindircicekci.com.tr\/wp-content\/uploads\/2023\/07\/22dd6e34-a2c4-4db2-bc62-008b0e25ae83-1-e1688727878207.jpg\" alt=\"(Turkish) \u00c7elenk\" class=\"img-rounded img-responsive\" \/>\n\t\t\t\t\t<\/div>\n\t\t\t\t\t<div class=\"col-md-12 content right\">\n\t\t\t\t\t\t  <h2>(Turkish) \u00c7elenk<\/h2>\n\t\t\t\t\t\t  <p><\/p>\n\t\t\t\t\t\t  <div class=\"col-md-12 text-center\">\n\t\t\t\t\t\t\t  <a class=\"incele theme-btn\" href=\"https:\/\/bayindircicekci.com.tr\/en\/urunlerimiz\/celenk\/\" title=\"\u0130ncele\">\u0130ncele<\/a> \n\t\t\t\t\t\t  <\/div>\n\t\t\t\t\t<\/div>\n\t\t\t\t<\/div>      \n\t\t\t\t<\/div>\n\t\t\t\t\t\t  \t\t\t\t<div class=\"col-md-6 mrgnoda\">\n\t\t\t\t   <div class=\"col-md-12 plr0 listRoom listRoom2 uruntemaarea\"> \n\t\t\t\t\t<div class=\"col-md-12 plr0 right imgs\">\n\t\t\t\t\t   <img decoding=\"async\" src=\"https:\/\/bayindircicekci.com.tr\/wp-content\/uploads\/2023\/07\/c4a22c80-b8e2-4b46-be98-a054406afa5d-1-e1688727100745.jpg\" alt=\"(Turkish) Teraryumlar\" class=\"img-rounded img-responsive\" \/>\n\t\t\t\t\t<\/div>\n\t\t\t\t\t<div class=\"col-md-12 content left\">\n\t\t\t\t\t\t  <h2>(Turkish) Teraryumlar<\/h2>\n\t\t\t\t\t\t  <p><\/p>\n\t\t\t\t\t\t  <div class=\"col-md-12 text-center\">\n\t\t\t\t\t\t\t  <a class=\"incele theme-btn\" href=\"https:\/\/bayindircicekci.com.tr\/en\/urunlerimiz\/teraryumlar\/\" title=\"\u0130ncele\">\u0130ncele<\/a> \n\t\t\t\t\t\t  <\/div>\n\t\t\t\t\t<\/div>\n\t\t\t\t<\/div>      \n\t\t\t\t<\/div>\n\t\t\t\t\t\t  \t\t\t\t<div class=\"col-md-6 mrgnoda\">\n\t\t\t\t   <div class=\"col-md-12 plr0 listRoom listRoom2 uruntemaarea\"> \n\t\t\t\t\t<div class=\"col-md-12 plr0 left imgs\">\n\t\t\t\t\t   <img decoding=\"async\" src=\"https:\/\/bayindircicekci.com.tr\/wp-content\/uploads\/2023\/07\/578caf49-2bf9-45db-83d7-17bc3e58a0e2-1-e1688726635294.jpg\" alt=\"(Turkish) Kutu Aranjmanlar\" class=\"img-rounded img-responsive\" \/>\n\t\t\t\t\t<\/div>\n\t\t\t\t\t<div class=\"col-md-12 content right\">\n\t\t\t\t\t\t  <h2>(Turkish) Kutu Aranjmanlar<\/h2>\n\t\t\t\t\t\t  <p><\/p>\n\t\t\t\t\t\t  <div class=\"col-md-12 text-center\">\n\t\t\t\t\t\t\t  <a class=\"incele theme-btn\" href=\"https:\/\/bayindircicekci.com.tr\/en\/urunlerimiz\/kutu-aranjmanlar\/\" title=\"\u0130ncele\">\u0130ncele<\/a> \n\t\t\t\t\t\t  <\/div>\n\t\t\t\t\t<\/div>\n\t\t\t\t<\/div>      \n\t\t\t\t<\/div>\n\t\t\t\t\t\t  \t\t\t\t<div class=\"col-md-6 mrgnoda\">\n\t\t\t\t   <div class=\"col-md-12 plr0 listRoom listRoom2 uruntemaarea\"> \n\t\t\t\t\t<div class=\"col-md-12 plr0 right imgs\">\n\t\t\t\t\t   <img decoding=\"async\" src=\"https:\/\/bayindircicekci.com.tr\/wp-content\/uploads\/2023\/07\/3f7d2921-9359-492f-bfe3-a09381732993-1-e1688726109821.jpg\" alt=\"(Turkish) Saks\u0131 \u00c7i\u00e7ekleri\" class=\"img-rounded img-responsive\" \/>\n\t\t\t\t\t<\/div>\n\t\t\t\t\t<div class=\"col-md-12 content left\">\n\t\t\t\t\t\t  <h2>(Turkish) Saks\u0131 \u00c7i\u00e7ekleri<\/h2>\n\t\t\t\t\t\t  <p><\/p>\n\t\t\t\t\t\t  <div class=\"col-md-12 text-center\">\n\t\t\t\t\t\t\t  <a class=\"incele theme-btn\" href=\"https:\/\/bayindircicekci.com.tr\/en\/urunlerimiz\/saksi-cicekleri\/\" title=\"\u0130ncele\">\u0130ncele<\/a> \n\t\t\t\t\t\t  <\/div>\n\t\t\t\t\t<\/div>\n\t\t\t\t<\/div>      \n\t\t\t\t<\/div>\n\t\t\t\t\t\t  \t\t\t\t<div class=\"col-md-6 mrgnoda\">\n\t\t\t\t   <div class=\"col-md-12 plr0 listRoom listRoom2 uruntemaarea\"> \n\t\t\t\t\t<div class=\"col-md-12 plr0 left imgs\">\n\t\t\t\t\t   <img decoding=\"async\" src=\"https:\/\/bayindircicekci.com.tr\/wp-content\/uploads\/2019\/03\/b5b60bea-f32f-49b8-ab1c-6d25614f8517-1-e1688725109930.jpg\" alt=\"Tema Yemek Tak\u0131m\u0131\" class=\"img-rounded img-responsive\" \/>\n\t\t\t\t\t<\/div>\n\t\t\t\t\t<div class=\"col-md-12 content right\">\n\t\t\t\t\t\t  <h2>Tema Yemek Tak\u0131m\u0131<\/h2>\n\t\t\t\t\t\t  <p><\/p>\n\t\t\t\t\t\t  <div class=\"col-md-12 text-center\">\n\t\t\t\t\t\t\t  <a class=\"incele theme-btn\" href=\"https:\/\/bayindircicekci.com.tr\/en\/urunlerimiz\/buket-aranjmanlar\/\" title=\"\u0130ncele\">\u0130ncele<\/a> \n\t\t\t\t\t\t  <\/div>\n\t\t\t\t\t<\/div>\n\t\t\t\t<\/div>      \n\t\t\t\t<\/div>\n\t\t\t\t\t\t  \t\t\t\t<div class=\"col-md-6 mrgnoda\">\n\t\t\t\t   <div class=\"col-md-12 plr0 listRoom listRoom2 uruntemaarea\"> \n\t\t\t\t\t<div class=\"col-md-12 plr0 right imgs\">\n\t\t\t\t\t   <img decoding=\"async\" src=\"https:\/\/bayindircicekci.com.tr\/wp-content\/uploads\/2019\/03\/3b6e1f8a-f9bc-49b9-807a-91b3264dac02-e1688724824175.jpg\" alt=\"Tema K\u00f6\u015fe Tak\u0131m\u0131\" class=\"img-rounded img-responsive\" \/>\n\t\t\t\t\t<\/div>\n\t\t\t\t\t<div class=\"col-md-12 content left\">\n\t\t\t\t\t\t  <h2>Tema K\u00f6\u015fe Tak\u0131m\u0131<\/h2>\n\t\t\t\t\t\t  <p><\/p>\n\t\t\t\t\t\t  <div class=\"col-md-12 text-center\">\n\t\t\t\t\t\t\t  <a class=\"incele theme-btn\" href=\"https:\/\/bayindircicekci.com.tr\/en\/urunlerimiz\/gelin-arabasi\/\" title=\"\u0130ncele\">\u0130ncele<\/a> \n\t\t\t\t\t\t  <\/div>\n\t\t\t\t\t<\/div>\n\t\t\t\t<\/div>      \n\t\t\t\t<\/div>\n\t\t\t\t\t\n\t\t  \t\t  \n\t\t<\/div>\n\t\t\t\t      <div class=\"col-md-12 text-center\">\n\t\t\t\t <a class=\"incele theme-btn kurumsalThemeButton\" href=\"\" title=\"10\">10<\/a> \n\t\t\t  <\/div>\n          \t\t<\/div>\n\t<\/section>\n\t<\/div><div id=\"pgc-6-4-1\"  class=\"panel-grid-cell\" >\t<!--\n\t=============================================\n\t\tClient Slider\n\t==============================================\n\t-->\n\t<div class=\"col-md-12 plr0 listRoom listRoom2 servicessRoom\"> \n       <div class=\"col-md-12 plr0 imagearea imageareaWidget\">\n          <img decoding=\"async\" src=\"http:\/\/wordpress-kurumsal-tema.tema.digital\/kurumsaltema\/wp-content\/uploads\/2019\/01\/toplanti_manset_mobil.jpg\" alt=\"Ba\u015fl\u0131k\" class=\"img-rounded img-responsive\">\n       <\/div>\n       <div class=\"col-md-12 content\">\n          <h2>Ba\u015fl\u0131k<\/h2>\n\t\t  <p>A\u00e7\u0131klama<\/p>\n       <\/div>\n    <\/div>\n\t\t<!--\n\t=============================================\n\t\tClient Slider\n\t==============================================\n\t-->\n\t<div class=\"col-md-12 plr0 listRoom listRoom2 servicessRoom\"> \n       <div class=\"col-md-12 plr0 imagearea imageareaWidget\">\n          <img decoding=\"async\" src=\"http:\/\/wordpress-kurumsal-tema.tema.digital\/kurumsaltema\/wp-content\/uploads\/2019\/01\/toplanti_manset_mobil.jpg\" alt=\"Ba\u015fl\u0131k\" class=\"img-rounded img-responsive\">\n       <\/div>\n       <div class=\"col-md-12 content\">\n          <h2>Ba\u015fl\u0131k<\/h2>\n\t\t  <p>A\u00e7\u0131klama<\/p>\n       <\/div>\n    <\/div>\n\t<\/div><div id=\"pgc-6-4-2\"  class=\"panel-grid-cell\" >\t<!--\n\t=============================================\n\t\tClient Slider\n\t==============================================\n\t-->\n\t<div class=\"col-md-12 plr0 listRoom listRoom2 servicessRoom\"> \n       <div class=\"col-md-12 plr0 imagearea imageareaWidget\">\n          <img decoding=\"async\" src=\"http:\/\/wordpress-kurumsal-tema.tema.digital\/kurumsaltema\/wp-content\/uploads\/2019\/01\/toplanti_manset_mobil.jpg\" alt=\"Ba\u015fl\u0131k\" class=\"img-rounded img-responsive\">\n       <\/div>\n       <div class=\"col-md-12 content\">\n          <h2>Ba\u015fl\u0131k<\/h2>\n\t\t  <p>A\u00e7\u0131klama<\/p>\n       <\/div>\n    <\/div>\n\t\t<!--\n\t=============================================\n\t\tClient Slider\n\t==============================================\n\t-->\n\t<div class=\"col-md-12 plr0 listRoom listRoom2 servicessRoom\"> \n       <div class=\"col-md-12 plr0 imagearea imageareaWidget\">\n          <img decoding=\"async\" src=\"http:\/\/wordpress-kurumsal-tema.tema.digital\/kurumsaltema\/wp-content\/uploads\/2019\/01\/toplanti_manset_mobil.jpg\" alt=\"Ba\u015fl\u0131k\" class=\"img-rounded img-responsive\">\n       <\/div>\n       <div class=\"col-md-12 content\">\n          <h2>Ba\u015fl\u0131k<\/h2>\n\t\t  <p>A\u00e7\u0131klama<\/p>\n       <\/div>\n    <\/div>\n\t<\/div><\/div><\/div><\/div>","protected":false},"excerpt":{"rendered":"","protected":false},"author":1,"featured_media":0,"parent":0,"menu_order":0,"comment_status":"closed","ping_status":"closed","template":"page-home.php","meta":{"footnotes":""},"class_list":["post-6","page","type-page","status-publish","hentry"],"yoast_head":"<!-- This site is optimized with the Yoast SEO plugin v20.11 - https:\/\/yoast.com\/wordpress\/plugins\/seo\/ -->\n<title>Anasayfa - Spacious<\/title>\n<meta name=\"robots\" content=\"index, follow, max-snippet:-1, max-image-preview:large, max-video-preview:-1\" \/>\n<link rel=\"canonical\" href=\"https:\/\/bayindircicekci.com.tr\/\" \/>\n<meta property=\"og:locale\" content=\"en_US\" \/>\n<meta property=\"og:type\" content=\"article\" \/>\n<meta property=\"og:title\" content=\"Anasayfa - Spacious\" \/>\n<meta property=\"og:url\" content=\"https:\/\/bayindircicekci.com.tr\/\" \/>\n<meta property=\"og:site_name\" content=\"Spacious\" \/>\n<meta property=\"article:modified_time\" content=\"2024-03-02T11:48:04+00:00\" \/>\n<meta name=\"twitter:card\" content=\"summary_large_image\" \/>\n<meta name=\"twitter:label1\" content=\"Est. reading time\" \/>\n\t<meta name=\"twitter:data1\" content=\"1 minute\" \/>\n<script type=\"application\/ld+json\" class=\"yoast-schema-graph\">{\"@context\":\"https:\/\/schema.org\",\"@graph\":[{\"@type\":\"WebPage\",\"@id\":\"https:\/\/bayindircicekci.com.tr\/\",\"url\":\"https:\/\/bayindircicekci.com.tr\/\",\"name\":\"Anasayfa - Spacious\",\"isPartOf\":{\"@id\":\"https:\/\/bayindircicekci.com.tr\/#website\"},\"datePublished\":\"2019-01-15T13:22:39+00:00\",\"dateModified\":\"2024-03-02T11:48:04+00:00\",\"breadcrumb\":{\"@id\":\"https:\/\/bayindircicekci.com.tr\/#breadcrumb\"},\"inLanguage\":\"en-US\",\"potentialAction\":[{\"@type\":\"ReadAction\",\"target\":[\"https:\/\/bayindircicekci.com.tr\/\"]}]},{\"@type\":\"BreadcrumbList\",\"@id\":\"https:\/\/bayindircicekci.com.tr\/#breadcrumb\",\"itemListElement\":[{\"@type\":\"ListItem\",\"position\":1,\"name\":\"Anasayfa\",\"item\":\"https:\/\/bayindircicekci.com.tr\/\"},{\"@type\":\"ListItem\",\"position\":2,\"name\":\"Anasayfa\"}]},{\"@type\":\"WebSite\",\"@id\":\"https:\/\/bayindircicekci.com.tr\/#website\",\"url\":\"https:\/\/bayindircicekci.com.tr\/\",\"name\":\"Spacious\",\"description\":\"Buket - Gelin Arabas\u0131 - Sepet Aranjman - Saks\u0131 \u00e7i\u00e7e\u011fi - D\u00fc\u011f\u00fcn organizasyon - Gelin Buketi vb.\",\"publisher\":{\"@id\":\"https:\/\/bayindircicekci.com.tr\/#organization\"},\"potentialAction\":[{\"@type\":\"SearchAction\",\"target\":{\"@type\":\"EntryPoint\",\"urlTemplate\":\"https:\/\/bayindircicekci.com.tr\/?s={search_term_string}\"},\"query-input\":\"required name=search_term_string\"}],\"inLanguage\":\"en-US\"},{\"@type\":\"Organization\",\"@id\":\"https:\/\/bayindircicekci.com.tr\/#organization\",\"name\":\"Spacious\",\"url\":\"https:\/\/bayindircicekci.com.tr\/\",\"logo\":{\"@type\":\"ImageObject\",\"inLanguage\":\"en-US\",\"@id\":\"https:\/\/bayindircicekci.com.tr\/#\/schema\/logo\/image\/\",\"url\":\"https:\/\/bayindircicekci.com.tr\/wp-content\/uploads\/2021\/05\/sp-logo.png\",\"contentUrl\":\"https:\/\/bayindircicekci.com.tr\/wp-content\/uploads\/2021\/05\/sp-logo.png\",\"width\":80,\"height\":80,\"caption\":\"Spacious\"},\"image\":{\"@id\":\"https:\/\/bayindircicekci.com.tr\/#\/schema\/logo\/image\/\"}}]}<\/script>\n<!-- \/ Yoast SEO plugin. -->","yoast_head_json":{"title":"Anasayfa - Spacious","robots":{"index":"index","follow":"follow","max-snippet":"max-snippet:-1","max-image-preview":"max-image-preview:large","max-video-preview":"max-video-preview:-1"},"canonical":"https:\/\/bayindircicekci.com.tr\/","og_locale":"en_US","og_type":"article","og_title":"Anasayfa - Spacious","og_url":"https:\/\/bayindircicekci.com.tr\/","og_site_name":"Spacious","article_modified_time":"2024-03-02T11:48:04+00:00","twitter_card":"summary_large_image","twitter_misc":{"Est. reading time":"1 minute"},"schema":{"@context":"https:\/\/schema.org","@graph":[{"@type":"WebPage","@id":"https:\/\/bayindircicekci.com.tr\/","url":"https:\/\/bayindircicekci.com.tr\/","name":"Anasayfa - Spacious","isPartOf":{"@id":"https:\/\/bayindircicekci.com.tr\/#website"},"datePublished":"2019-01-15T13:22:39+00:00","dateModified":"2024-03-02T11:48:04+00:00","breadcrumb":{"@id":"https:\/\/bayindircicekci.com.tr\/#breadcrumb"},"inLanguage":"en-US","potentialAction":[{"@type":"ReadAction","target":["https:\/\/bayindircicekci.com.tr\/"]}]},{"@type":"BreadcrumbList","@id":"https:\/\/bayindircicekci.com.tr\/#breadcrumb","itemListElement":[{"@type":"ListItem","position":1,"name":"Anasayfa","item":"https:\/\/bayindircicekci.com.tr\/"},{"@type":"ListItem","position":2,"name":"Anasayfa"}]},{"@type":"WebSite","@id":"https:\/\/bayindircicekci.com.tr\/#website","url":"https:\/\/bayindircicekci.com.tr\/","name":"Spacious","description":"Buket - Gelin Arabas\u0131 - Sepet Aranjman - Saks\u0131 \u00e7i\u00e7e\u011fi - D\u00fc\u011f\u00fcn organizasyon - Gelin Buketi vb.","publisher":{"@id":"https:\/\/bayindircicekci.com.tr\/#organization"},"potentialAction":[{"@type":"SearchAction","target":{"@type":"EntryPoint","urlTemplate":"https:\/\/bayindircicekci.com.tr\/?s={search_term_string}"},"query-input":"required name=search_term_string"}],"inLanguage":"en-US"},{"@type":"Organization","@id":"https:\/\/bayindircicekci.com.tr\/#organization","name":"Spacious","url":"https:\/\/bayindircicekci.com.tr\/","logo":{"@type":"ImageObject","inLanguage":"en-US","@id":"https:\/\/bayindircicekci.com.tr\/#\/schema\/logo\/image\/","url":"https:\/\/bayindircicekci.com.tr\/wp-content\/uploads\/2021\/05\/sp-logo.png","contentUrl":"https:\/\/bayindircicekci.com.tr\/wp-content\/uploads\/2021\/05\/sp-logo.png","width":80,"height":80,"caption":"Spacious"},"image":{"@id":"https:\/\/bayindircicekci.com.tr\/#\/schema\/logo\/image\/"}}]}},"_links":{"self":[{"href":"https:\/\/bayindircicekci.com.tr\/en\/wp-json\/wp\/v2\/pages\/6","targetHints":{"allow":["GET"]}}],"collection":[{"href":"https:\/\/bayindircicekci.com.tr\/en\/wp-json\/wp\/v2\/pages"}],"about":[{"href":"https:\/\/bayindircicekci.com.tr\/en\/wp-json\/wp\/v2\/types\/page"}],"author":[{"embeddable":true,"href":"https:\/\/bayindircicekci.com.tr\/en\/wp-json\/wp\/v2\/users\/1"}],"replies":[{"embeddable":true,"href":"https:\/\/bayindircicekci.com.tr\/en\/wp-json\/wp\/v2\/comments?post=6"}],"version-history":[{"count":10,"href":"https:\/\/bayindircicekci.com.tr\/en\/wp-json\/wp\/v2\/pages\/6\/revisions"}],"predecessor-version":[{"id":1067,"href":"https:\/\/bayindircicekci.com.tr\/en\/wp-json\/wp\/v2\/pages\/6\/revisions\/1067"}],"wp:attachment":[{"href":"https:\/\/bayindircicekci.com.tr\/en\/wp-json\/wp\/v2\/media?parent=6"}],"curies":[{"name":"wp","href":"https:\/\/api.w.org\/{rel}","templated":true}]}}