{"id":813,"date":"2019-01-17T16:28:23","date_gmt":"2019-01-17T13:28:23","guid":{"rendered":"http:\/\/otel.localdigital\/?page_id=51"},"modified":"2023-07-07T11:52:00","modified_gmt":"2023-07-07T11:52:00","slug":"hakkimizda","status":"publish","type":"page","link":"https:\/\/bayindircicekci.com.tr\/en\/hakkimizda\/","title":{"rendered":"Hakk\u0131m\u0131zda"},"content":{"rendered":"<div id=\"pl-813\"  class=\"panel-layout\" ><div id=\"pg-813-0\"  class=\"panel-grid panel-no-style\" ><div id=\"pgc-813-0-0\"  class=\"panel-grid-cell\" >\t<!--\n\t=============================================\n\t\tOur Service\n\t==============================================\n\t-->\n\t\t<div class=\"col-md-12\">\n\t\t  <div class=\"spe-title spe-title-widget\">\n\t\t\t  <h2>Nazar Flower Bay\u0131nd\u0131r<\/h2>\n\t\t\t  <p>Nazar \u00c7i\u00e7ek\u00e7ilik Bay\u0131nd\u0131r , 30 y\u0131la yak\u0131n hizmet deneyimi ile sizi profesyonel \u00e7i\u00e7ek\u00e7ilikle tan\u0131\u015ft\u0131r\u0131yor. Nazar \u00c7i\u00e7ek\u00e7ilik & Peyzaj ailesi olarak 1999\u2019dan beri \u00e7i\u00e7ek sekt\u00f6r\u00fcnde kurumsal ve Premium m\u00fc\u015fterilere hizmet vermekteyiz. Hizmet anlay\u0131\u015f\u0131m\u0131z en kaliteli \u00e7i\u00e7eklerin, alan\u0131nda profesyonel uzmanlar taraf\u0131ndan haz\u0131rlanmas\u0131 ve %100 m\u00fc\u015fteri memnuniyeti ilkesiyle taraf\u0131n\u0131za ula\u015ft\u0131r\u0131lmas\u0131d\u0131r .Nazar Flower online \u00e7i\u00e7ek sekt\u00f6r\u00fcnde farkl\u0131 bir noktada durmakta ve kendisini di\u011fer \u00e7i\u00e7ek markalar\u0131ndan ay\u0131rmaktad\u0131r. Bunun nedeni verilen hizmetin ve hizmet sonras\u0131 servisin \u00fcst d\u00fczey kalite i\u00e7ermesidir. Nazar Flower sekt\u00f6rde daima \u00f6nc\u00fc rol oynam\u0131\u015ft\u0131r.  \u00c7i\u00e7ek modas\u0131na daima y\u00f6n veren bir kurulu\u015f olmu\u015ftur. Sitemizde g\u00f6rd\u00fc\u011f\u00fcn\u00fcz b\u00fct\u00fcn \u00fcr\u00fcnler tasar\u0131m ekibimiz ve \u00e7i\u00e7ek uzmanlar\u0131m\u0131z taraf\u0131ndan geli\u015ftirilmi\u015ftir. Tamamen \u00f6zg\u00fcn ve orijinal aranjmanlar, buketler ve g\u00fcller almak istiyorsan\u0131z. Nazar Flower size en iyisini sunacakt\u0131r. Sitemizdeki tasar\u0131mlar\u0131n\u0131z d\u0131\u015f\u0131nda \u00e7i\u00e7ek sipari\u015finiz oldu\u011funda istedi\u011finiz \u00e7i\u00e7e\u011fi haz\u0131rlay\u0131p, resmini \u00e7ekip taraf\u0131n\u0131za yolluyor, onay\u0131n\u0131 ald\u0131ktan sonra, \u00e7i\u00e7e\u011fin tasar\u0131m\u0131n\u0131 tamamlay\u0131p, al\u0131c\u0131s\u0131na en k\u0131sa s\u00fcrede ula\u015ft\u0131r\u0131yoruz<\/p>\n\t\t  <\/div>\n\t\t<\/div>\n\t<\/div><\/div><div id=\"pg-813-1\"  class=\"panel-grid panel-no-style\" ><div id=\"pgc-813-1-0\"  class=\"panel-grid-cell\" >\t\t  <div class=\"col-xs-12 col-sm-12 col-lg-12 plr0m\">\n\t\t\t<div class=\"box temaBigbox\">\n\t\t\t\t<div class=\"icon\">\n\t\t\t\t\t<div class=\"image\"><i class=\"fa fa-thumbs-o-up\"><\/i><\/div>\n\t\t\t\t\t\t<div class=\"info\">\n\t\t\t\t\t\t\t<h3 class=\"title\">G\u00fcven<\/h3>\n\t\t\t\t\t\t\t<p><\/p>\n\t\t\t\t\t\t<\/div>\n\t\t\t\t<\/div>\n\t\t\t<\/div>\n\t\t  <\/div>\n\t<\/div><div id=\"pgc-813-1-1\"  class=\"panel-grid-cell\" >\t\t  <div class=\"col-xs-12 col-sm-12 col-lg-12 plr0m\">\n\t\t\t<div class=\"box temaBigbox\">\n\t\t\t\t<div class=\"icon\">\n\t\t\t\t\t<div class=\"image\"><i class=\"fa fa-motorcycle\"><\/i><\/div>\n\t\t\t\t\t\t<div class=\"info\">\n\t\t\t\t\t\t\t<h3 class=\"title\">H\u0131zl\u0131 Teslimat<\/h3>\n\t\t\t\t\t\t\t<p><\/p>\n\t\t\t\t\t\t<\/div>\n\t\t\t\t<\/div>\n\t\t\t<\/div>\n\t\t  <\/div>\n\t<\/div><div id=\"pgc-813-1-2\"  class=\"panel-grid-cell\" >\t\t  <div class=\"col-xs-12 col-sm-12 col-lg-12 plr0m\">\n\t\t\t<div class=\"box temaBigbox\">\n\t\t\t\t<div class=\"icon\">\n\t\t\t\t\t<div class=\"image\"><i class=\"fa fa-smile-o\"><\/i><\/div>\n\t\t\t\t\t\t<div class=\"info\">\n\t\t\t\t\t\t\t<h3 class=\"title\">Kaliteli i\u015f\u00e7ilik<\/h3>\n\t\t\t\t\t\t\t<p><\/p>\n\t\t\t\t\t\t<\/div>\n\t\t\t\t<\/div>\n\t\t\t<\/div>\n\t\t  <\/div>\n\t<\/div><\/div><div id=\"pg-813-2\"  class=\"panel-grid panel-has-style\" ><div class=\"hidden panel-row-style panel-row-style-for-813-2\" ><div id=\"pgc-813-2-0\"  class=\"panel-grid-cell\" >\t  <div class=\"col-md-12 plr0m\"> \n\t\t\t<div class=\"col-md-12 plr0m\">\n\t\t\t  \t\t\t    \n\t\t\t\t<ul class=\"muhitte-ne-var\">\n\t\t\t\t\t\t\t\t\t\t\t\t\t\t\t\t\t  \t\t\t\t\t\t\t<li class=\"theme-btn\" data-id=\"42\"><i class=\"fa fa-map-marker icon\"><\/i> Sanayi<\/li>      \n\t\t\t\t\t\t  \t\t\t\t\t\t\t\t\t\t\t\t  \t\t\t\t\t\t\t<li class=\"theme-btn\" data-id=\"43\"><i class=\"fa fa-map-marker icon\"><\/i> Turistik<\/li>      \n\t\t\t\t\t\t  \t\t\t\t\t\t\t\t\t\t\t\t  \t\t\t\t\t\t\t<li class=\"theme-btn\" data-id=\"44\"><i class=\"fa fa-map-marker icon\"><\/i> Ula\u015f\u0131m<\/li>      \n\t\t\t\t\t\t  \t\t\t\t\t\t\t\t\t\t\t\t\t\t\t<\/ul>\n\t\t\t\t\t\t\t<\/div>\n\t\t\t<div class=\"col-md-12 plr0m\">\n\t\t\t\t<div id=\"map\" style=\"height: 300px; width: 100%;\"><\/div>\n\t\t\t\t<div id=\"pagesnippertop\"><div id=\"pagesnipper\"><\/div><p> Harita Y\u00fckleniyor<\/p><\/div>\n\t\t\t<\/div>\n\t\t\t<input type=\"hidden\" id=\"map_coordinate\" name=\"map_coordinate\" value=\"\">\n\t\t\t<input type=\"hidden\" id=\"otel_adi\" name=\"otel_adi\" value=\"\"> \n\t\t\t<div class=\"col-md-12 muhitcontent\">\n\t\t\t\t\t   \n\t\t\t<\/div>    \n\t  <\/div>\t  \n\t  <\/div><div id=\"pgc-813-2-1\"  class=\"panel-grid-cell\" >\t<!--\n\t=============================================\n\t\tOur Service\n\t==============================================\n\t-->\n\t\t<div class=\"col-md-12\">\n\t\t  <div class=\"spe-title spe-title-widget\">\n\t\t\t  <h2>Firma Bilgileri<\/h2>\n\t\t\t  <p><\/p>\n\t\t  <\/div>\n\t\t<\/div>\n\t\t\t  <div class=\"col-md-12 plr0m\">   \n\t\t     <div class=\"col-md-12 genel plr0m\">\n\t\t\t\t\t<table class=\"table\">\n\t\t\t\t\t\t<tr><td class=\"th\">Firma Ad\u0131<\/td><td>Tema Mobilya<\/td><\/tr><tr><td class=\"th\">Firma \u00dcnvan\u0131<\/td><td>TEMA MOB\u0130LYA LTD<\/td><\/tr><tr><td class=\"th\">Mersis No<\/td><td>1111122255555<\/td><\/tr><tr><td class=\"th\">Kurulu\u015f Y\u0131l\u0131<\/td><td>1975<\/td><\/tr>                             \n\t\t\t\t\t<\/table>  \n             <\/div>\n          <\/div> \n\t\t<\/div><\/div><\/div><\/div>","protected":false},"excerpt":{"rendered":"<p>Nazar Flower Bay\u0131nd\u0131r Nazar \u00c7i\u00e7ek\u00e7ilik Bay\u0131nd\u0131r , 30 y\u0131la yak\u0131n hizmet deneyimi ile sizi profesyonel \u00e7i\u00e7ek\u00e7ilikle tan\u0131\u015ft\u0131r\u0131yor. Nazar \u00c7i\u00e7ek\u00e7ilik &#038; Peyzaj ailesi olarak 1999\u2019dan beri \u00e7i\u00e7ek sekt\u00f6r\u00fcnde kurumsal ve Premium m\u00fc\u015fterilere hizmet vermekteyiz. Hizmet anlay\u0131\u015f\u0131m\u0131z en kaliteli \u00e7i\u00e7eklerin, alan\u0131nda profesyonel uzmanlar taraf\u0131ndan haz\u0131rlanmas\u0131 ve %100 m\u00fc\u015fteri memnuniyeti ilkesiyle taraf\u0131n\u0131za ula\u015ft\u0131r\u0131lmas\u0131d\u0131r .Nazar Flower online \u00e7i\u00e7ek sekt\u00f6r\u00fcnde [&hellip;]<\/p>\n","protected":false},"author":1,"featured_media":0,"parent":0,"menu_order":0,"comment_status":"closed","ping_status":"closed","template":"template-about.php","meta":{"footnotes":""},"class_list":["post-813","page","type-page","status-publish","hentry"],"yoast_head":"<!-- This site is optimized with the Yoast SEO plugin v20.11 - https:\/\/yoast.com\/wordpress\/plugins\/seo\/ -->\n<title>Hakk\u0131m\u0131zda - Spacious<\/title>\n<meta name=\"robots\" content=\"index, follow, max-snippet:-1, max-image-preview:large, max-video-preview:-1\" \/>\n<link rel=\"canonical\" href=\"https:\/\/bayindircicekci.com.tr\/hakkimizda\/\" \/>\n<meta property=\"og:locale\" content=\"en_US\" \/>\n<meta property=\"og:type\" content=\"article\" \/>\n<meta property=\"og:title\" content=\"Hakk\u0131m\u0131zda - Spacious\" \/>\n<meta property=\"og:description\" content=\"Nazar Flower Bay\u0131nd\u0131r Nazar \u00c7i\u00e7ek\u00e7ilik Bay\u0131nd\u0131r , 30 y\u0131la yak\u0131n hizmet deneyimi ile sizi profesyonel \u00e7i\u00e7ek\u00e7ilikle tan\u0131\u015ft\u0131r\u0131yor. Nazar \u00c7i\u00e7ek\u00e7ilik &amp; Peyzaj ailesi olarak 1999\u2019dan beri \u00e7i\u00e7ek sekt\u00f6r\u00fcnde kurumsal ve Premium m\u00fc\u015fterilere hizmet vermekteyiz. Hizmet anlay\u0131\u015f\u0131m\u0131z en kaliteli \u00e7i\u00e7eklerin, alan\u0131nda profesyonel uzmanlar taraf\u0131ndan haz\u0131rlanmas\u0131 ve %100 m\u00fc\u015fteri memnuniyeti ilkesiyle taraf\u0131n\u0131za ula\u015ft\u0131r\u0131lmas\u0131d\u0131r .Nazar Flower online \u00e7i\u00e7ek sekt\u00f6r\u00fcnde [&hellip;]\" \/>\n<meta property=\"og:url\" content=\"https:\/\/bayindircicekci.com.tr\/hakkimizda\/\" \/>\n<meta property=\"og:site_name\" content=\"Spacious\" \/>\n<meta property=\"article:modified_time\" content=\"2023-07-07T11:52:00+00:00\" \/>\n<meta name=\"twitter:card\" content=\"summary_large_image\" \/>\n<script type=\"application\/ld+json\" class=\"yoast-schema-graph\">{\"@context\":\"https:\/\/schema.org\",\"@graph\":[{\"@type\":\"WebPage\",\"@id\":\"https:\/\/bayindircicekci.com.tr\/hakkimizda\/\",\"url\":\"https:\/\/bayindircicekci.com.tr\/hakkimizda\/\",\"name\":\"Hakk\u0131m\u0131zda - Spacious\",\"isPartOf\":{\"@id\":\"https:\/\/bayindircicekci.com.tr\/#website\"},\"datePublished\":\"2019-01-17T13:28:23+00:00\",\"dateModified\":\"2023-07-07T11:52:00+00:00\",\"breadcrumb\":{\"@id\":\"https:\/\/bayindircicekci.com.tr\/hakkimizda\/#breadcrumb\"},\"inLanguage\":\"en-US\",\"potentialAction\":[{\"@type\":\"ReadAction\",\"target\":[\"https:\/\/bayindircicekci.com.tr\/hakkimizda\/\"]}]},{\"@type\":\"BreadcrumbList\",\"@id\":\"https:\/\/bayindircicekci.com.tr\/hakkimizda\/#breadcrumb\",\"itemListElement\":[{\"@type\":\"ListItem\",\"position\":1,\"name\":\"Anasayfa\",\"item\":\"https:\/\/bayindircicekci.com.tr\/\"},{\"@type\":\"ListItem\",\"position\":2,\"name\":\"Hakk\u0131m\u0131zda\"}]},{\"@type\":\"WebSite\",\"@id\":\"https:\/\/bayindircicekci.com.tr\/#website\",\"url\":\"https:\/\/bayindircicekci.com.tr\/\",\"name\":\"Spacious\",\"description\":\"Buket - Gelin Arabas\u0131 - Sepet Aranjman - Saks\u0131 \u00e7i\u00e7e\u011fi - D\u00fc\u011f\u00fcn organizasyon - Gelin Buketi vb.\",\"publisher\":{\"@id\":\"https:\/\/bayindircicekci.com.tr\/#organization\"},\"potentialAction\":[{\"@type\":\"SearchAction\",\"target\":{\"@type\":\"EntryPoint\",\"urlTemplate\":\"https:\/\/bayindircicekci.com.tr\/?s={search_term_string}\"},\"query-input\":\"required name=search_term_string\"}],\"inLanguage\":\"en-US\"},{\"@type\":\"Organization\",\"@id\":\"https:\/\/bayindircicekci.com.tr\/#organization\",\"name\":\"Spacious\",\"url\":\"https:\/\/bayindircicekci.com.tr\/\",\"logo\":{\"@type\":\"ImageObject\",\"inLanguage\":\"en-US\",\"@id\":\"https:\/\/bayindircicekci.com.tr\/#\/schema\/logo\/image\/\",\"url\":\"https:\/\/bayindircicekci.com.tr\/wp-content\/uploads\/2021\/05\/sp-logo.png\",\"contentUrl\":\"https:\/\/bayindircicekci.com.tr\/wp-content\/uploads\/2021\/05\/sp-logo.png\",\"width\":80,\"height\":80,\"caption\":\"Spacious\"},\"image\":{\"@id\":\"https:\/\/bayindircicekci.com.tr\/#\/schema\/logo\/image\/\"}}]}<\/script>\n<!-- \/ Yoast SEO plugin. -->","yoast_head_json":{"title":"Hakk\u0131m\u0131zda - Spacious","robots":{"index":"index","follow":"follow","max-snippet":"max-snippet:-1","max-image-preview":"max-image-preview:large","max-video-preview":"max-video-preview:-1"},"canonical":"https:\/\/bayindircicekci.com.tr\/hakkimizda\/","og_locale":"en_US","og_type":"article","og_title":"Hakk\u0131m\u0131zda - Spacious","og_description":"Nazar Flower Bay\u0131nd\u0131r Nazar \u00c7i\u00e7ek\u00e7ilik Bay\u0131nd\u0131r , 30 y\u0131la yak\u0131n hizmet deneyimi ile sizi profesyonel \u00e7i\u00e7ek\u00e7ilikle tan\u0131\u015ft\u0131r\u0131yor. Nazar \u00c7i\u00e7ek\u00e7ilik & Peyzaj ailesi olarak 1999\u2019dan beri \u00e7i\u00e7ek sekt\u00f6r\u00fcnde kurumsal ve Premium m\u00fc\u015fterilere hizmet vermekteyiz. Hizmet anlay\u0131\u015f\u0131m\u0131z en kaliteli \u00e7i\u00e7eklerin, alan\u0131nda profesyonel uzmanlar taraf\u0131ndan haz\u0131rlanmas\u0131 ve %100 m\u00fc\u015fteri memnuniyeti ilkesiyle taraf\u0131n\u0131za ula\u015ft\u0131r\u0131lmas\u0131d\u0131r .Nazar Flower online \u00e7i\u00e7ek sekt\u00f6r\u00fcnde [&hellip;]","og_url":"https:\/\/bayindircicekci.com.tr\/hakkimizda\/","og_site_name":"Spacious","article_modified_time":"2023-07-07T11:52:00+00:00","twitter_card":"summary_large_image","schema":{"@context":"https:\/\/schema.org","@graph":[{"@type":"WebPage","@id":"https:\/\/bayindircicekci.com.tr\/hakkimizda\/","url":"https:\/\/bayindircicekci.com.tr\/hakkimizda\/","name":"Hakk\u0131m\u0131zda - Spacious","isPartOf":{"@id":"https:\/\/bayindircicekci.com.tr\/#website"},"datePublished":"2019-01-17T13:28:23+00:00","dateModified":"2023-07-07T11:52:00+00:00","breadcrumb":{"@id":"https:\/\/bayindircicekci.com.tr\/hakkimizda\/#breadcrumb"},"inLanguage":"en-US","potentialAction":[{"@type":"ReadAction","target":["https:\/\/bayindircicekci.com.tr\/hakkimizda\/"]}]},{"@type":"BreadcrumbList","@id":"https:\/\/bayindircicekci.com.tr\/hakkimizda\/#breadcrumb","itemListElement":[{"@type":"ListItem","position":1,"name":"Anasayfa","item":"https:\/\/bayindircicekci.com.tr\/"},{"@type":"ListItem","position":2,"name":"Hakk\u0131m\u0131zda"}]},{"@type":"WebSite","@id":"https:\/\/bayindircicekci.com.tr\/#website","url":"https:\/\/bayindircicekci.com.tr\/","name":"Spacious","description":"Buket - Gelin Arabas\u0131 - Sepet Aranjman - Saks\u0131 \u00e7i\u00e7e\u011fi - D\u00fc\u011f\u00fcn organizasyon - Gelin Buketi vb.","publisher":{"@id":"https:\/\/bayindircicekci.com.tr\/#organization"},"potentialAction":[{"@type":"SearchAction","target":{"@type":"EntryPoint","urlTemplate":"https:\/\/bayindircicekci.com.tr\/?s={search_term_string}"},"query-input":"required name=search_term_string"}],"inLanguage":"en-US"},{"@type":"Organization","@id":"https:\/\/bayindircicekci.com.tr\/#organization","name":"Spacious","url":"https:\/\/bayindircicekci.com.tr\/","logo":{"@type":"ImageObject","inLanguage":"en-US","@id":"https:\/\/bayindircicekci.com.tr\/#\/schema\/logo\/image\/","url":"https:\/\/bayindircicekci.com.tr\/wp-content\/uploads\/2021\/05\/sp-logo.png","contentUrl":"https:\/\/bayindircicekci.com.tr\/wp-content\/uploads\/2021\/05\/sp-logo.png","width":80,"height":80,"caption":"Spacious"},"image":{"@id":"https:\/\/bayindircicekci.com.tr\/#\/schema\/logo\/image\/"}}]}},"_links":{"self":[{"href":"https:\/\/bayindircicekci.com.tr\/en\/wp-json\/wp\/v2\/pages\/813","targetHints":{"allow":["GET"]}}],"collection":[{"href":"https:\/\/bayindircicekci.com.tr\/en\/wp-json\/wp\/v2\/pages"}],"about":[{"href":"https:\/\/bayindircicekci.com.tr\/en\/wp-json\/wp\/v2\/types\/page"}],"author":[{"embeddable":true,"href":"https:\/\/bayindircicekci.com.tr\/en\/wp-json\/wp\/v2\/users\/1"}],"replies":[{"embeddable":true,"href":"https:\/\/bayindircicekci.com.tr\/en\/wp-json\/wp\/v2\/comments?post=813"}],"version-history":[{"count":8,"href":"https:\/\/bayindircicekci.com.tr\/en\/wp-json\/wp\/v2\/pages\/813\/revisions"}],"predecessor-version":[{"id":943,"href":"https:\/\/bayindircicekci.com.tr\/en\/wp-json\/wp\/v2\/pages\/813\/revisions\/943"}],"wp:attachment":[{"href":"https:\/\/bayindircicekci.com.tr\/en\/wp-json\/wp\/v2\/media?parent=813"}],"curies":[{"name":"wp","href":"https:\/\/api.w.org\/{rel}","templated":true}]}}