{"id":814,"date":"2019-01-17T16:28:43","date_gmt":"2019-01-17T13:28:43","guid":{"rendered":"http:\/\/otel.localdigital\/?page_id=54"},"modified":"2023-07-07T12:17:56","modified_gmt":"2023-07-07T12:17:56","slug":"iletisim","status":"publish","type":"page","link":"https:\/\/bayindircicekci.com.tr\/en\/iletisim\/","title":{"rendered":"\u0130leti\u015fim"},"content":{"rendered":"<div id=\"pl-814\"  class=\"panel-layout\" ><div id=\"pg-814-0\"  class=\"panel-grid panel-no-style\" ><div id=\"pgc-814-0-0\"  class=\"panel-grid-cell\" >\t<!--\n\t=============================================\n\t\tOur Service\n\t==============================================\n\t-->\n\t\t<div class=\"col-md-12\">\n\t\t  <div class=\"spe-title spe-title-widget\">\n\t\t\t  <h2>Neredeyiz<\/h2>\n\t\t\t  <p><iframe loading=\"lazy\" style=\"border: 0;\" src=\"https:\/\/www.google.com\/maps\/embed?pb=!1m18!1m12!1m3!1d3134.622669707421!2d27.645123808838377!3d38.21865617175956!2m3!1f0!2f0!3f0!3m2!1i1024!2i768!4f13.1!3m3!1m2!1s0x14b9167e47f4d925%3A0x85a33ee818a1652e!2zTmF6YXIgRmxvd2VyICYgw4dpw6dla8OnaWxpaw!5e0!3m2!1str!2sus!4v1688639962458!5m2!1str!2sus\" width=\"600\" height=\"300\" frameborder=\"0\" allowfullscreen=\"\"><\/iframe><\/p>\n\t\t  <\/div>\n\t\t<\/div>\n\t\t  <div class=\"col-md-12 contactArea\">\n\t    <div class=\"post-page-title col-md-12 plr0m\">  \n            Bize Ula\u015f\u0131n        <\/div>\n\t    <div class=\"col-md-12 plr0m\">\n            <a href=\"https:\/\/api.whatsapp.com\/send?phone=02325814933\" target=\"_blank\"><button type=\"button\" class=\"btn btn-success btn-circle btn-xl\"><i class=\"fa fa-whatsapp tran3s\"><\/i><\/button><\/a>\n            <a href=\"tel:0507 715 75 80\" target=\"_blank\"><button type=\"button\" class=\"btn btn-primary btn-circle btn-xl\"><i class=\"fa fa-mobile tran3s\"><\/i><\/button><\/a>\n            <a href=\"tel:0232 581 49 33\" target=\"_blank\"><button type=\"button\" class=\"btn btn-info btn-circle btn-xl\"><i class=\"fa fa-phone tran3s\"><\/i><\/button><\/a>\n            <a href=\"mailto:0232 581 49 33\" target=\"_blank\"><button type=\"button\" class=\"btn btn-danger btn-circle btn-xl\"><i class=\"fa fa-envelope-o tran3s\"><\/i><\/button><\/a>\n        <\/div>\n\t\t<\/div>\n\t  <\/div><div id=\"pgc-814-0-1\"  class=\"panel-grid-cell\" >\t   <div class=\"well col-md-12 text-center\">\n          <p><small>Formu Doldurarak Bize Ula\u015f\u0131n<\/small><\/p>\n              <form action=\"\" method=\"post\" id=\"contactForm\">\n\t\t\t\t  <div class=\"form-group\">\n\t\t\t\t\t <input class=\"form-control\" id=\"isim\" maxlength=\"100\" name=\"isim\" placeholder=\"Ad\u0131n\u0131z\" type=\"text\" \/>                        \n\t\t\t\t  <\/div>                  \n\t\t\t\t  <div class=\"form-group\">\n\t\t\t\t\t <input class=\"form-control\" id=\"email\" name=\"email\" placeholder=\"Mail Adresiniz\" type=\"email\" \/>                     \n\t\t\t\t  <\/div>                                  \n\t\t\t\t  <div class=\"form-group\">\n\t\t\t\t\t <input class=\"form-control\" id=\"konu\" maxlength=\"100\" name=\"konu\" placeholder=\"Konu\" type=\"text\" \/>                     \n\t\t\t\t  <\/div>                  \n\t\t\t\t  <div class=\"form-group\">\n\t\t\t\t\t <textarea class=\"form-control\" cols=\"40\" id=\"mesage\" name=\"mesage\" placeholder=\"Mesaj\u0131n\u0131z\" rows=\"10\"><\/textarea>                     \n\t\t\t\t  <\/div>                  \n\t\t\t\t  <button type=\"submit\" class=\"btn btn-default\">G\u00f6nder<\/button>\n\t\t\t  <\/form>\n          <div id=\"pagesnippertopContact\" style=\"display:none;\"><div id=\"pagesnipperContact\"><\/div><p>Talebiniz G\u00f6nderiliyor L\u00fctfen Bekleyin<\/p><\/div>\n       <\/div>\t  \n\t  <\/div><\/div><div id=\"pg-814-1\"  class=\"panel-grid panel-no-style\" ><div id=\"pgc-814-1-0\"  class=\"panel-grid-cell panel-grid-cell-empty\" ><\/div><\/div><\/div>","protected":false},"excerpt":{"rendered":"<p>Neredeyiz Bize Ula\u015f\u0131n Formu Doldurarak Bize Ula\u015f\u0131n G\u00f6nder Talebiniz G\u00f6nderiliyor L\u00fctfen Bekleyin<\/p>\n","protected":false},"author":1,"featured_media":0,"parent":0,"menu_order":0,"comment_status":"closed","ping_status":"closed","template":"template-contact.php","meta":{"footnotes":""},"class_list":["post-814","page","type-page","status-publish","hentry"],"yoast_head":"<!-- This site is optimized with the Yoast SEO plugin v20.11 - https:\/\/yoast.com\/wordpress\/plugins\/seo\/ -->\n<title>\u0130leti\u015fim - Spacious<\/title>\n<meta name=\"robots\" content=\"index, follow, max-snippet:-1, max-image-preview:large, max-video-preview:-1\" \/>\n<link rel=\"canonical\" href=\"https:\/\/bayindircicekci.com.tr\/iletisim\/\" \/>\n<meta property=\"og:locale\" content=\"en_US\" \/>\n<meta property=\"og:type\" content=\"article\" \/>\n<meta property=\"og:title\" content=\"\u0130leti\u015fim - Spacious\" \/>\n<meta property=\"og:description\" content=\"Neredeyiz Bize Ula\u015f\u0131n Formu Doldurarak Bize Ula\u015f\u0131n G\u00f6nder Talebiniz G\u00f6nderiliyor L\u00fctfen Bekleyin\" \/>\n<meta property=\"og:url\" content=\"https:\/\/bayindircicekci.com.tr\/iletisim\/\" \/>\n<meta property=\"og:site_name\" content=\"Spacious\" \/>\n<meta property=\"article:modified_time\" content=\"2023-07-07T12:17:56+00:00\" \/>\n<meta name=\"twitter:card\" content=\"summary_large_image\" \/>\n<script type=\"application\/ld+json\" class=\"yoast-schema-graph\">{\"@context\":\"https:\/\/schema.org\",\"@graph\":[{\"@type\":\"WebPage\",\"@id\":\"https:\/\/bayindircicekci.com.tr\/iletisim\/\",\"url\":\"https:\/\/bayindircicekci.com.tr\/iletisim\/\",\"name\":\"\u0130leti\u015fim - Spacious\",\"isPartOf\":{\"@id\":\"https:\/\/bayindircicekci.com.tr\/#website\"},\"datePublished\":\"2019-01-17T13:28:43+00:00\",\"dateModified\":\"2023-07-07T12:17:56+00:00\",\"breadcrumb\":{\"@id\":\"https:\/\/bayindircicekci.com.tr\/iletisim\/#breadcrumb\"},\"inLanguage\":\"en-US\",\"potentialAction\":[{\"@type\":\"ReadAction\",\"target\":[\"https:\/\/bayindircicekci.com.tr\/iletisim\/\"]}]},{\"@type\":\"BreadcrumbList\",\"@id\":\"https:\/\/bayindircicekci.com.tr\/iletisim\/#breadcrumb\",\"itemListElement\":[{\"@type\":\"ListItem\",\"position\":1,\"name\":\"Anasayfa\",\"item\":\"https:\/\/bayindircicekci.com.tr\/\"},{\"@type\":\"ListItem\",\"position\":2,\"name\":\"\u0130leti\u015fim\"}]},{\"@type\":\"WebSite\",\"@id\":\"https:\/\/bayindircicekci.com.tr\/#website\",\"url\":\"https:\/\/bayindircicekci.com.tr\/\",\"name\":\"Spacious\",\"description\":\"Buket - Gelin Arabas\u0131 - Sepet Aranjman - Saks\u0131 \u00e7i\u00e7e\u011fi - D\u00fc\u011f\u00fcn organizasyon - Gelin Buketi vb.\",\"publisher\":{\"@id\":\"https:\/\/bayindircicekci.com.tr\/#organization\"},\"potentialAction\":[{\"@type\":\"SearchAction\",\"target\":{\"@type\":\"EntryPoint\",\"urlTemplate\":\"https:\/\/bayindircicekci.com.tr\/?s={search_term_string}\"},\"query-input\":\"required name=search_term_string\"}],\"inLanguage\":\"en-US\"},{\"@type\":\"Organization\",\"@id\":\"https:\/\/bayindircicekci.com.tr\/#organization\",\"name\":\"Spacious\",\"url\":\"https:\/\/bayindircicekci.com.tr\/\",\"logo\":{\"@type\":\"ImageObject\",\"inLanguage\":\"en-US\",\"@id\":\"https:\/\/bayindircicekci.com.tr\/#\/schema\/logo\/image\/\",\"url\":\"https:\/\/bayindircicekci.com.tr\/wp-content\/uploads\/2021\/05\/sp-logo.png\",\"contentUrl\":\"https:\/\/bayindircicekci.com.tr\/wp-content\/uploads\/2021\/05\/sp-logo.png\",\"width\":80,\"height\":80,\"caption\":\"Spacious\"},\"image\":{\"@id\":\"https:\/\/bayindircicekci.com.tr\/#\/schema\/logo\/image\/\"}}]}<\/script>\n<!-- \/ Yoast SEO plugin. -->","yoast_head_json":{"title":"\u0130leti\u015fim - Spacious","robots":{"index":"index","follow":"follow","max-snippet":"max-snippet:-1","max-image-preview":"max-image-preview:large","max-video-preview":"max-video-preview:-1"},"canonical":"https:\/\/bayindircicekci.com.tr\/iletisim\/","og_locale":"en_US","og_type":"article","og_title":"\u0130leti\u015fim - Spacious","og_description":"Neredeyiz Bize Ula\u015f\u0131n Formu Doldurarak Bize Ula\u015f\u0131n G\u00f6nder Talebiniz G\u00f6nderiliyor L\u00fctfen Bekleyin","og_url":"https:\/\/bayindircicekci.com.tr\/iletisim\/","og_site_name":"Spacious","article_modified_time":"2023-07-07T12:17:56+00:00","twitter_card":"summary_large_image","schema":{"@context":"https:\/\/schema.org","@graph":[{"@type":"WebPage","@id":"https:\/\/bayindircicekci.com.tr\/iletisim\/","url":"https:\/\/bayindircicekci.com.tr\/iletisim\/","name":"\u0130leti\u015fim - Spacious","isPartOf":{"@id":"https:\/\/bayindircicekci.com.tr\/#website"},"datePublished":"2019-01-17T13:28:43+00:00","dateModified":"2023-07-07T12:17:56+00:00","breadcrumb":{"@id":"https:\/\/bayindircicekci.com.tr\/iletisim\/#breadcrumb"},"inLanguage":"en-US","potentialAction":[{"@type":"ReadAction","target":["https:\/\/bayindircicekci.com.tr\/iletisim\/"]}]},{"@type":"BreadcrumbList","@id":"https:\/\/bayindircicekci.com.tr\/iletisim\/#breadcrumb","itemListElement":[{"@type":"ListItem","position":1,"name":"Anasayfa","item":"https:\/\/bayindircicekci.com.tr\/"},{"@type":"ListItem","position":2,"name":"\u0130leti\u015fim"}]},{"@type":"WebSite","@id":"https:\/\/bayindircicekci.com.tr\/#website","url":"https:\/\/bayindircicekci.com.tr\/","name":"Spacious","description":"Buket - Gelin Arabas\u0131 - Sepet Aranjman - Saks\u0131 \u00e7i\u00e7e\u011fi - D\u00fc\u011f\u00fcn organizasyon - Gelin Buketi vb.","publisher":{"@id":"https:\/\/bayindircicekci.com.tr\/#organization"},"potentialAction":[{"@type":"SearchAction","target":{"@type":"EntryPoint","urlTemplate":"https:\/\/bayindircicekci.com.tr\/?s={search_term_string}"},"query-input":"required name=search_term_string"}],"inLanguage":"en-US"},{"@type":"Organization","@id":"https:\/\/bayindircicekci.com.tr\/#organization","name":"Spacious","url":"https:\/\/bayindircicekci.com.tr\/","logo":{"@type":"ImageObject","inLanguage":"en-US","@id":"https:\/\/bayindircicekci.com.tr\/#\/schema\/logo\/image\/","url":"https:\/\/bayindircicekci.com.tr\/wp-content\/uploads\/2021\/05\/sp-logo.png","contentUrl":"https:\/\/bayindircicekci.com.tr\/wp-content\/uploads\/2021\/05\/sp-logo.png","width":80,"height":80,"caption":"Spacious"},"image":{"@id":"https:\/\/bayindircicekci.com.tr\/#\/schema\/logo\/image\/"}}]}},"_links":{"self":[{"href":"https:\/\/bayindircicekci.com.tr\/en\/wp-json\/wp\/v2\/pages\/814","targetHints":{"allow":["GET"]}}],"collection":[{"href":"https:\/\/bayindircicekci.com.tr\/en\/wp-json\/wp\/v2\/pages"}],"about":[{"href":"https:\/\/bayindircicekci.com.tr\/en\/wp-json\/wp\/v2\/types\/page"}],"author":[{"embeddable":true,"href":"https:\/\/bayindircicekci.com.tr\/en\/wp-json\/wp\/v2\/users\/1"}],"replies":[{"embeddable":true,"href":"https:\/\/bayindircicekci.com.tr\/en\/wp-json\/wp\/v2\/comments?post=814"}],"version-history":[{"count":14,"href":"https:\/\/bayindircicekci.com.tr\/en\/wp-json\/wp\/v2\/pages\/814\/revisions"}],"predecessor-version":[{"id":950,"href":"https:\/\/bayindircicekci.com.tr\/en\/wp-json\/wp\/v2\/pages\/814\/revisions\/950"}],"wp:attachment":[{"href":"https:\/\/bayindircicekci.com.tr\/en\/wp-json\/wp\/v2\/media?parent=814"}],"curies":[{"name":"wp","href":"https:\/\/api.w.org\/{rel}","templated":true}]}}